{"id":75,"date":"2019-06-03T16:22:46","date_gmt":"2019-06-03T16:22:46","guid":{"rendered":"http:\/\/carolin-getraenke.de\/?page_id=75"},"modified":"2023-06-10T09:11:45","modified_gmt":"2023-06-10T09:11:45","slug":"ueber-uns","status":"publish","type":"page","link":"https:\/\/carolin-getraenke.de\/?page_id=75","title":{"rendered":"\u00dcber uns"},"content":{"rendered":"\t\t<div data-elementor-type=\"wp-post\" data-elementor-id=\"75\" class=\"elementor elementor-75\">\n\t\t\t\t\t\t<section class=\"has_eae_slider elementor-section elementor-top-section elementor-element elementor-element-be17225 elementor-section-stretched elementor-section-boxed elementor-section-height-default elementor-section-height-default\" data-eae-slider=\"26144\" data-id=\"be17225\" data-element_type=\"section\" data-e-type=\"section\" data-settings=\"{&quot;stretch_section&quot;:&quot;section-stretched&quot;,&quot;background_background&quot;:&quot;classic&quot;}\">\n\t\t\t\t\t\t\t<div class=\"elementor-background-overlay\"><\/div>\n\t\t\t\t\t\t\t<div class=\"elementor-container elementor-column-gap-default\">\n\t\t\t\t\t<div class=\"has_eae_slider elementor-column elementor-col-100 elementor-top-column elementor-element elementor-element-fae4b2d\" data-eae-slider=\"83328\" data-id=\"fae4b2d\" data-element_type=\"column\" data-e-type=\"column\">\n\t\t\t<div class=\"elementor-widget-wrap elementor-element-populated\">\n\t\t\t\t\t\t<div class=\"elementor-element elementor-element-0d886cd elementor-invisible elementor-widget elementor-widget-heading\" data-id=\"0d886cd\" data-element_type=\"widget\" data-e-type=\"widget\" data-settings=\"{&quot;_animation&quot;:&quot;zoomIn&quot;}\" data-widget_type=\"heading.default\">\n\t\t\t\t<div class=\"elementor-widget-container\">\n\t\t\t\t\t<h2 class=\"elementor-heading-title elementor-size-default\">\u00dcber uns<\/h2>\t\t\t\t<\/div>\n\t\t\t\t<\/div>\n\t\t\t\t\t<\/div>\n\t\t<\/div>\n\t\t\t\t\t<\/div>\n\t\t<\/section>\n\t\t\t\t<section class=\"has_eae_slider elementor-section elementor-top-section elementor-element elementor-element-e471c59 elementor-section-stretched elementor-section-boxed elementor-section-height-default elementor-section-height-default\" data-eae-slider=\"159\" data-id=\"e471c59\" data-element_type=\"section\" data-e-type=\"section\" data-settings=\"{&quot;stretch_section&quot;:&quot;section-stretched&quot;}\">\n\t\t\t\t\t\t<div class=\"elementor-container elementor-column-gap-default\">\n\t\t\t\t\t<div class=\"has_eae_slider elementor-column elementor-col-50 elementor-top-column elementor-element elementor-element-e1735f7\" data-eae-slider=\"76762\" data-id=\"e1735f7\" data-element_type=\"column\" data-e-type=\"column\">\n\t\t\t<div class=\"elementor-widget-wrap elementor-element-populated\">\n\t\t\t\t\t\t<div class=\"elementor-element elementor-element-ace9f02 elementor-arrows-position-inside elementor-pagination-position-outside elementor-widget elementor-widget-image-carousel\" data-id=\"ace9f02\" data-element_type=\"widget\" data-e-type=\"widget\" data-settings=\"{&quot;slides_to_show&quot;:&quot;1&quot;,&quot;autoplay_speed&quot;:3000,&quot;effect&quot;:&quot;fade&quot;,&quot;speed&quot;:1000,&quot;navigation&quot;:&quot;both&quot;,&quot;autoplay&quot;:&quot;yes&quot;,&quot;pause_on_hover&quot;:&quot;yes&quot;,&quot;pause_on_interaction&quot;:&quot;yes&quot;,&quot;infinite&quot;:&quot;yes&quot;}\" data-widget_type=\"image-carousel.default\">\n\t\t\t\t<div class=\"elementor-widget-container\">\n\t\t\t\t\t\t\t<div class=\"elementor-image-carousel-wrapper swiper\" role=\"region\" aria-roledescription=\"carousel\" aria-label=\"Bild Karussell\" dir=\"ltr\">\n\t\t\t<div class=\"elementor-image-carousel swiper-wrapper swiper-image-stretch\" aria-live=\"off\">\n\t\t\t\t\t\t\t\t<div class=\"swiper-slide\" role=\"group\" aria-roledescription=\"slide\" aria-label=\"1 von 8\"><a data-elementor-open-lightbox=\"yes\" data-elementor-lightbox-slideshow=\"ace9f02\" data-elementor-lightbox-title=\"IMG_2515\" data-e-action-hash=\"#elementor-action%3Aaction%3Dlightbox%26settings%3DeyJpZCI6NTUsInVybCI6Imh0dHBzOlwvXC9jYXJvbGluLWdldHJhZW5rZS5kZVwvd3AtY29udGVudFwvdXBsb2Fkc1wvMjAxOVwvMDZcL0lNR18yNTE1LWUxNTk3MzkzOTA1ODIyLmpwZyIsInNsaWRlc2hvdyI6ImFjZTlmMDIifQ%3D%3D\" href=\"https:\/\/carolin-getraenke.de\/wp-content\/uploads\/2019\/06\/IMG_2515-e1597393905822.jpg\"><figure class=\"swiper-slide-inner\"><img decoding=\"async\" class=\"swiper-slide-image\" src=\"https:\/\/carolin-getraenke.de\/wp-content\/uploads\/2019\/06\/IMG_2515-e1597393905822.jpg\" alt=\"IMG_2515\" \/><\/figure><\/a><\/div><div class=\"swiper-slide\" role=\"group\" aria-roledescription=\"slide\" aria-label=\"2 von 8\"><a data-elementor-open-lightbox=\"yes\" data-elementor-lightbox-slideshow=\"ace9f02\" data-elementor-lightbox-title=\"20190715_102027\" data-e-action-hash=\"#elementor-action%3Aaction%3Dlightbox%26settings%3DeyJpZCI6MzIwLCJ1cmwiOiJodHRwczpcL1wvY2Fyb2xpbi1nZXRyYWVua2UuZGVcL3dwLWNvbnRlbnRcL3VwbG9hZHNcLzIwMTlcLzA3XC8yMDE5MDcxNV8xMDIwMjctZTE1OTczOTQwODg5MzkuanBnIiwic2xpZGVzaG93IjoiYWNlOWYwMiJ9\" href=\"https:\/\/carolin-getraenke.de\/wp-content\/uploads\/2019\/07\/20190715_102027-e1597394088939.jpg\"><figure class=\"swiper-slide-inner\"><img decoding=\"async\" class=\"swiper-slide-image\" src=\"https:\/\/carolin-getraenke.de\/wp-content\/uploads\/2019\/07\/20190715_102027-e1597394088939.jpg\" alt=\"20190715_102027\" \/><\/figure><\/a><\/div><div class=\"swiper-slide\" role=\"group\" aria-roledescription=\"slide\" aria-label=\"3 von 8\"><a data-elementor-open-lightbox=\"yes\" data-elementor-lightbox-slideshow=\"ace9f02\" data-elementor-lightbox-title=\"20190715_101301\" data-e-action-hash=\"#elementor-action%3Aaction%3Dlightbox%26settings%3DeyJpZCI6MzE2LCJ1cmwiOiJodHRwczpcL1wvY2Fyb2xpbi1nZXRyYWVua2UuZGVcL3dwLWNvbnRlbnRcL3VwbG9hZHNcLzIwMTlcLzA3XC8yMDE5MDcxNV8xMDEzMDEtZTE1OTczOTQxMzM2NjguanBnIiwic2xpZGVzaG93IjoiYWNlOWYwMiJ9\" href=\"https:\/\/carolin-getraenke.de\/wp-content\/uploads\/2019\/07\/20190715_101301-e1597394133668.jpg\"><figure class=\"swiper-slide-inner\"><img decoding=\"async\" class=\"swiper-slide-image\" src=\"https:\/\/carolin-getraenke.de\/wp-content\/uploads\/2019\/07\/20190715_101301-e1597394133668.jpg\" alt=\"20190715_101301\" \/><\/figure><\/a><\/div><div class=\"swiper-slide\" role=\"group\" aria-roledescription=\"slide\" aria-label=\"4 von 8\"><a data-elementor-open-lightbox=\"yes\" data-elementor-lightbox-slideshow=\"ace9f02\" data-elementor-lightbox-title=\"20190715_101940\" data-e-action-hash=\"#elementor-action%3Aaction%3Dlightbox%26settings%3DeyJpZCI6MzE4LCJ1cmwiOiJodHRwczpcL1wvY2Fyb2xpbi1nZXRyYWVua2UuZGVcL3dwLWNvbnRlbnRcL3VwbG9hZHNcLzIwMTlcLzA3XC8yMDE5MDcxNV8xMDE5NDAtZTE1OTczOTQxMTIyMTUuanBnIiwic2xpZGVzaG93IjoiYWNlOWYwMiJ9\" href=\"https:\/\/carolin-getraenke.de\/wp-content\/uploads\/2019\/07\/20190715_101940-e1597394112215.jpg\"><figure class=\"swiper-slide-inner\"><img decoding=\"async\" class=\"swiper-slide-image\" src=\"https:\/\/carolin-getraenke.de\/wp-content\/uploads\/2019\/07\/20190715_101940-e1597394112215.jpg\" alt=\"20190715_101940\" \/><\/figure><\/a><\/div><div class=\"swiper-slide\" role=\"group\" aria-roledescription=\"slide\" aria-label=\"5 von 8\"><a data-elementor-open-lightbox=\"yes\" data-elementor-lightbox-slideshow=\"ace9f02\" data-elementor-lightbox-title=\"20190715_102014\" data-e-action-hash=\"#elementor-action%3Aaction%3Dlightbox%26settings%3DeyJpZCI6MzE5LCJ1cmwiOiJodHRwczpcL1wvY2Fyb2xpbi1nZXRyYWVua2UuZGVcL3dwLWNvbnRlbnRcL3VwbG9hZHNcLzIwMTlcLzA3XC8yMDE5MDcxNV8xMDIwMTQtZTE1OTczOTQxMDA0NzUuanBnIiwic2xpZGVzaG93IjoiYWNlOWYwMiJ9\" href=\"https:\/\/carolin-getraenke.de\/wp-content\/uploads\/2019\/07\/20190715_102014-e1597394100475.jpg\"><figure class=\"swiper-slide-inner\"><img decoding=\"async\" class=\"swiper-slide-image\" src=\"https:\/\/carolin-getraenke.de\/wp-content\/uploads\/2019\/07\/20190715_102014-e1597394100475.jpg\" alt=\"20190715_102014\" \/><\/figure><\/a><\/div><div class=\"swiper-slide\" role=\"group\" aria-roledescription=\"slide\" aria-label=\"6 von 8\"><a data-elementor-open-lightbox=\"yes\" data-elementor-lightbox-slideshow=\"ace9f02\" data-elementor-lightbox-title=\"_20190705_130002\" data-e-action-hash=\"#elementor-action%3Aaction%3Dlightbox%26settings%3DeyJpZCI6MzEzLCJ1cmwiOiJodHRwczpcL1wvY2Fyb2xpbi1nZXRyYWVua2UuZGVcL3dwLWNvbnRlbnRcL3VwbG9hZHNcLzIwMTlcLzA3XC8yMDE5MDcwNV8xMzAwMDItZTE1OTczOTQxNDM4MTAuanBnIiwic2xpZGVzaG93IjoiYWNlOWYwMiJ9\" href=\"https:\/\/carolin-getraenke.de\/wp-content\/uploads\/2019\/07\/20190705_130002-e1597394143810.jpg\"><figure class=\"swiper-slide-inner\"><img decoding=\"async\" class=\"swiper-slide-image\" src=\"https:\/\/carolin-getraenke.de\/wp-content\/uploads\/2019\/07\/20190705_130002-e1597394143810.jpg\" alt=\"_20190705_130002\" \/><\/figure><\/a><\/div><div class=\"swiper-slide\" role=\"group\" aria-roledescription=\"slide\" aria-label=\"7 von 8\"><a data-elementor-open-lightbox=\"yes\" data-elementor-lightbox-slideshow=\"ace9f02\" data-elementor-lightbox-title=\"20190715_102748\" data-e-action-hash=\"#elementor-action%3Aaction%3Dlightbox%26settings%3DeyJpZCI6MzIyLCJ1cmwiOiJodHRwczpcL1wvY2Fyb2xpbi1nZXRyYWVua2UuZGVcL3dwLWNvbnRlbnRcL3VwbG9hZHNcLzIwMTlcLzA3XC8yMDE5MDcxNV8xMDI3NDgtZTE1OTczOTQwNzY3OTYuanBnIiwic2xpZGVzaG93IjoiYWNlOWYwMiJ9\" href=\"https:\/\/carolin-getraenke.de\/wp-content\/uploads\/2019\/07\/20190715_102748-e1597394076796.jpg\"><figure class=\"swiper-slide-inner\"><img decoding=\"async\" class=\"swiper-slide-image\" src=\"https:\/\/carolin-getraenke.de\/wp-content\/uploads\/2019\/07\/20190715_102748-e1597394076796.jpg\" alt=\"20190715_102748\" \/><\/figure><\/a><\/div><div class=\"swiper-slide\" role=\"group\" aria-roledescription=\"slide\" aria-label=\"8 von 8\"><a data-elementor-open-lightbox=\"yes\" data-elementor-lightbox-slideshow=\"ace9f02\" data-elementor-lightbox-title=\"20190715_102808\" data-e-action-hash=\"#elementor-action%3Aaction%3Dlightbox%26settings%3DeyJpZCI6MzIzLCJ1cmwiOiJodHRwczpcL1wvY2Fyb2xpbi1nZXRyYWVua2UuZGVcL3dwLWNvbnRlbnRcL3VwbG9hZHNcLzIwMTlcLzA3XC8yMDE5MDcxNV8xMDI4MDgtZTE1OTczOTQwNTg5OTguanBnIiwic2xpZGVzaG93IjoiYWNlOWYwMiJ9\" href=\"https:\/\/carolin-getraenke.de\/wp-content\/uploads\/2019\/07\/20190715_102808-e1597394058998.jpg\"><figure class=\"swiper-slide-inner\"><img decoding=\"async\" class=\"swiper-slide-image\" src=\"https:\/\/carolin-getraenke.de\/wp-content\/uploads\/2019\/07\/20190715_102808-e1597394058998.jpg\" alt=\"20190715_102808\" \/><\/figure><\/a><\/div>\t\t\t<\/div>\n\t\t\t\t\t\t\t\t\t\t\t\t<div class=\"elementor-swiper-button elementor-swiper-button-prev\" role=\"button\" tabindex=\"0\">\n\t\t\t\t\t\t<i aria-hidden=\"true\" class=\"eicon-chevron-left\"><\/i>\t\t\t\t\t<\/div>\n\t\t\t\t\t<div class=\"elementor-swiper-button elementor-swiper-button-next\" role=\"button\" tabindex=\"0\">\n\t\t\t\t\t\t<i aria-hidden=\"true\" class=\"eicon-chevron-right\"><\/i>\t\t\t\t\t<\/div>\n\t\t\t\t\n\t\t\t\t\t\t\t\t\t<div class=\"swiper-pagination\"><\/div>\n\t\t\t\t\t\t\t\t\t<\/div>\n\t\t\t\t\t\t<\/div>\n\t\t\t\t<\/div>\n\t\t\t\t\t<\/div>\n\t\t<\/div>\n\t\t\t\t<div class=\"has_eae_slider elementor-column elementor-col-50 elementor-top-column elementor-element elementor-element-c9e83cc\" data-eae-slider=\"30949\" data-id=\"c9e83cc\" data-element_type=\"column\" data-e-type=\"column\">\n\t\t\t<div class=\"elementor-widget-wrap elementor-element-populated\">\n\t\t\t\t\t\t<div class=\"elementor-element elementor-element-b2c19a3 elementor-invisible elementor-widget elementor-widget-heading\" data-id=\"b2c19a3\" data-element_type=\"widget\" data-e-type=\"widget\" data-settings=\"{&quot;_animation&quot;:&quot;zoomIn&quot;}\" data-widget_type=\"heading.default\">\n\t\t\t\t<div class=\"elementor-widget-container\">\n\t\t\t\t\t<h2 class=\"elementor-heading-title elementor-size-default\">Carolin Getr\u00e4nke Company GmbH<\/h2>\t\t\t\t<\/div>\n\t\t\t\t<\/div>\n\t\t\t\t<div class=\"elementor-element elementor-element-244a030 elementor-widget elementor-widget-text-editor\" data-id=\"244a030\" data-element_type=\"widget\" data-e-type=\"widget\" data-widget_type=\"text-editor.default\">\n\t\t\t\t<div class=\"elementor-widget-container\">\n\t\t\t\t\t\t\t\t\t<p>Wir sind ein junges Unternehmen auf dem Berliner Getr\u00e4nkemarkt.<\/p><p>In unserem Abholmarkt erhalten Sie:<\/p><p>Fassbier<br \/>Flaschenbier<br \/>alkoholfreie Getr\u00e4nke<br \/>Sekt und Wein<br \/>Spirituosen<br \/>S\u00fcsswaren<br \/>Verpackungen<\/p>\t\t\t\t\t\t\t\t<\/div>\n\t\t\t\t<\/div>\n\t\t\t\t\t<\/div>\n\t\t<\/div>\n\t\t\t\t\t<\/div>\n\t\t<\/section>\n\t\t\t\t<section class=\"has_eae_slider elementor-section elementor-top-section elementor-element elementor-element-63f68c1 elementor-section-stretched elementor-section-boxed elementor-section-height-default elementor-section-height-default\" data-eae-slider=\"88254\" data-id=\"63f68c1\" data-element_type=\"section\" data-e-type=\"section\" data-settings=\"{&quot;stretch_section&quot;:&quot;section-stretched&quot;}\">\n\t\t\t\t\t\t<div class=\"elementor-container elementor-column-gap-default\">\n\t\t\t\t\t<div class=\"has_eae_slider elementor-column elementor-col-100 elementor-top-column elementor-element elementor-element-f8c4d45\" data-eae-slider=\"31884\" data-id=\"f8c4d45\" data-element_type=\"column\" data-e-type=\"column\">\n\t\t\t<div class=\"elementor-widget-wrap elementor-element-populated\">\n\t\t\t\t\t\t<div class=\"elementor-element elementor-element-91c60c9 elementor-widget elementor-widget-text-editor\" data-id=\"91c60c9\" data-element_type=\"widget\" data-e-type=\"widget\" data-widget_type=\"text-editor.default\">\n\t\t\t\t<div class=\"elementor-widget-container\">\n\t\t\t\t\t\t\t\t\t<p>Wir bieten Ihnen auch einen Lieferservice an. Bestellungen k\u00f6nnen immer zum n\u00e4chsten Werktag aufgegeben werden. Sie k\u00f6nnen telefonisch oder per WhatsApp unter<br>&nbsp;(030 403688030)&nbsp;bei uns bestellen.<\/p>\t\t\t\t\t\t\t\t<\/div>\n\t\t\t\t<\/div>\n\t\t\t\t\t<\/div>\n\t\t<\/div>\n\t\t\t\t\t<\/div>\n\t\t<\/section>\n\t\t\t\t<section class=\"has_eae_slider elementor-section elementor-top-section elementor-element elementor-element-17c8950 elementor-section-height-min-height elementor-section-stretched elementor-section-boxed elementor-section-height-default elementor-section-items-middle\" data-eae-slider=\"51068\" data-id=\"17c8950\" data-element_type=\"section\" data-e-type=\"section\" data-settings=\"{&quot;background_background&quot;:&quot;classic&quot;,&quot;stretch_section&quot;:&quot;section-stretched&quot;}\">\n\t\t\t\t\t\t\t<div class=\"elementor-background-overlay\"><\/div>\n\t\t\t\t\t\t\t<div class=\"elementor-container elementor-column-gap-default\">\n\t\t\t\t\t<div class=\"has_eae_slider elementor-column elementor-col-100 elementor-top-column elementor-element elementor-element-16d3472\" data-eae-slider=\"8244\" data-id=\"16d3472\" data-element_type=\"column\" data-e-type=\"column\">\n\t\t\t<div class=\"elementor-widget-wrap elementor-element-populated\">\n\t\t\t\t\t\t<div class=\"elementor-element elementor-element-a9be695 elementor-invisible elementor-widget elementor-widget-heading\" data-id=\"a9be695\" data-element_type=\"widget\" data-e-type=\"widget\" data-settings=\"{&quot;_animation&quot;:&quot;zoomIn&quot;}\" data-widget_type=\"heading.default\">\n\t\t\t\t<div class=\"elementor-widget-container\">\n\t\t\t\t\t<h2 class=\"elementor-heading-title elementor-size-large\">Sie haben Fragen an uns?<\/h2>\t\t\t\t<\/div>\n\t\t\t\t<\/div>\n\t\t\t\t<div class=\"elementor-element elementor-element-1fe0774 elementor-invisible elementor-widget elementor-widget-text-editor\" data-id=\"1fe0774\" data-element_type=\"widget\" data-e-type=\"widget\" data-settings=\"{&quot;_animation&quot;:&quot;fadeIn&quot;}\" data-widget_type=\"text-editor.default\">\n\t\t\t\t<div class=\"elementor-widget-container\">\n\t\t\t\t\t\t\t\t\t<p>Sie k\u00f6nnen uns jederzeit kontaktieren.<\/p>\t\t\t\t\t\t\t\t<\/div>\n\t\t\t\t<\/div>\n\t\t\t\t<div class=\"elementor-element elementor-element-e7a338a elementor-align-center elementor-mobile-align-center elementor-widget elementor-widget-button\" data-id=\"e7a338a\" data-element_type=\"widget\" data-e-type=\"widget\" data-widget_type=\"button.default\">\n\t\t\t\t<div class=\"elementor-widget-container\">\n\t\t\t\t\t\t\t\t\t<div class=\"elementor-button-wrapper\">\n\t\t\t\t\t<a class=\"elementor-button elementor-button-link elementor-size-lg\" href=\"\/?page_id=90\">\n\t\t\t\t\t\t<span class=\"elementor-button-content-wrapper\">\n\t\t\t\t\t\t<span class=\"elementor-button-icon\">\n\t\t\t\t<i aria-hidden=\"true\" class=\"fas fa-info-circle\"><\/i>\t\t\t<\/span>\n\t\t\t\t\t\t\t\t\t<span class=\"elementor-button-text\">Kontakt<\/span>\n\t\t\t\t\t<\/span>\n\t\t\t\t\t<\/a>\n\t\t\t\t<\/div>\n\t\t\t\t\t\t\t\t<\/div>\n\t\t\t\t<\/div>\n\t\t\t\t\t<\/div>\n\t\t<\/div>\n\t\t\t\t\t<\/div>\n\t\t<\/section>\n\t\t\t\t<\/div>\n\t\t","protected":false},"excerpt":{"rendered":"<p>\u00dcber uns Previous image Next image Carolin Getr\u00e4nke Company GmbH Wir sind ein junges Unternehmen auf dem Berliner Getr\u00e4nkemarkt. In &hellip; <\/p>\n","protected":false},"author":1,"featured_media":0,"parent":0,"menu_order":0,"comment_status":"closed","ping_status":"closed","template":"elementor_header_footer","meta":{"footnotes":""},"class_list":["post-75","page","type-page","status-publish","hentry"],"_links":{"self":[{"href":"https:\/\/carolin-getraenke.de\/index.php?rest_route=\/wp\/v2\/pages\/75","targetHints":{"allow":["GET"]}}],"collection":[{"href":"https:\/\/carolin-getraenke.de\/index.php?rest_route=\/wp\/v2\/pages"}],"about":[{"href":"https:\/\/carolin-getraenke.de\/index.php?rest_route=\/wp\/v2\/types\/page"}],"author":[{"embeddable":true,"href":"https:\/\/carolin-getraenke.de\/index.php?rest_route=\/wp\/v2\/users\/1"}],"replies":[{"embeddable":true,"href":"https:\/\/carolin-getraenke.de\/index.php?rest_route=%2Fwp%2Fv2%2Fcomments&post=75"}],"version-history":[{"count":3,"href":"https:\/\/carolin-getraenke.de\/index.php?rest_route=\/wp\/v2\/pages\/75\/revisions"}],"predecessor-version":[{"id":1617,"href":"https:\/\/carolin-getraenke.de\/index.php?rest_route=\/wp\/v2\/pages\/75\/revisions\/1617"}],"wp:attachment":[{"href":"https:\/\/carolin-getraenke.de\/index.php?rest_route=%2Fwp%2Fv2%2Fmedia&parent=75"}],"curies":[{"name":"wp","href":"https:\/\/api.w.org\/{rel}","templated":true}]}}